{"id":4121,"date":"2024-11-17T14:05:35","date_gmt":"2024-11-17T14:05:35","guid":{"rendered":"https:\/\/polishbeauty.me\/?post_type=product&#038;p=4121"},"modified":"2024-11-17T14:05:35","modified_gmt":"2024-11-17T14:05:35","slug":"k-premiere-intensive-shine-repairing-oil","status":"publish","type":"product","link":"https:\/\/polishbeauty.me\/?product=k-premiere-intensive-shine-repairing-oil","title":{"rendered":"K Premi\u00e8re &#8211; Intensive Shine Repairing Oil"},"content":{"rendered":"<p>K\u00e9rastase Premi\u00e8re Intensive Shine Repairing Oil 30ml<\/p>\n<p>The K\u00e9rastase Premi\u00e8re Intensive Shine Repairing Oil is a luxurious, enveloping oil that boasts a double action: with its high concentration of repairing and caring agents, it helps seals the appearance of split ends, boosts hair strength, and radically neutralizes the persistent dullness of damaged hair. Hair is left stronger, and up to 4 times shinier. **\u200b The K\u00e9rastase Premi\u00e8re range helps reconnect broken keratin bonds for stronger, healthier-looking, shinier hair **. Repair persistent damage and reconnect broken keratin links by leaving on the K\u00e9rastase Premi\u00e8re Decalcifying Repairing Pre-Shampoo Treatment without rinsing, before layering with K\u00e9rastase Premi\u00e8re Decalcifying Repairing Shampoo, then rinsing out both. Finish with K\u00e9rastase Premi\u00e8re Decalcifying Repairing Conditioner as a final step, and discover stronger, healthier-looking, and shinier hair \u2013 as if renewed. RESTORES HAIR&#8217;S ORIGINAL STRENGTH<\/p>\n<ul>\n<li>Brand : KERASTASE PARIS<\/li>\n<li>Size : 30 ML | 1.01 fl.oz.<\/li>\n<\/ul>\n","protected":false},"excerpt":{"rendered":"<p>K\u00e9rastase Premi\u00e8re Intensive Shine Repairing Oil 30ml<\/p>\n<p>The K\u00e9rastase Premi\u00e8re Intensive Shine Repairing Oil is a luxurious, enveloping oil that boasts a double action: with its high concentration of repairing and caring agents, it helps seals the appearance of split ends, boosts hair strength, and radically neutralizes the persistent dullness of damaged hair. Hair is left stronger, and up to 4 times shinier. **\u200b The K\u00e9rastase Premi\u00e8re range helps reconnect broken keratin bonds for stronger, healthier-looking, shinier hair **. Repair persistent damage and reconnect broken keratin links by leaving on the K\u00e9rastase Premi\u00e8re Decalcifying Repairing Pre-Shampoo Treatment without rinsing, before layering with K\u00e9rastase Premi\u00e8re Decalcifying Repairing Shampoo, then rinsing out both. Finish with K\u00e9rastase Premi\u00e8re Decalcifying Repairing Conditioner as a final step, and discover stronger, healthier-looking, and shinier hair \u2013 as if renewed. RESTORES HAIR&#8217;S ORIGINAL STRENGTH<\/p>\n<ul>\n<li>Brand : KERASTASE PARIS<\/li>\n<li>Size : 30 ML | 1.01 fl.oz.<\/li>\n<\/ul>\n","protected":false},"featured_media":4122,"template":"","meta":{"_vp_format_video_url":"","_vp_image_focal_point":[]},"product_brand":[],"product_cat":[60],"product_tag":[],"class_list":{"0":"post-4121","1":"product","2":"type-product","3":"status-publish","4":"has-post-thumbnail","6":"product_cat-uncategorized","8":"first","9":"instock","10":"shipping-taxable","11":"purchasable","12":"product-type-simple"},"_links":{"self":[{"href":"https:\/\/polishbeauty.me\/index.php?rest_route=\/wp\/v2\/product\/4121","targetHints":{"allow":["GET"]}}],"collection":[{"href":"https:\/\/polishbeauty.me\/index.php?rest_route=\/wp\/v2\/product"}],"about":[{"href":"https:\/\/polishbeauty.me\/index.php?rest_route=\/wp\/v2\/types\/product"}],"wp:featuredmedia":[{"embeddable":true,"href":"https:\/\/polishbeauty.me\/index.php?rest_route=\/wp\/v2\/media\/4122"}],"wp:attachment":[{"href":"https:\/\/polishbeauty.me\/index.php?rest_route=%2Fwp%2Fv2%2Fmedia&parent=4121"}],"wp:term":[{"taxonomy":"product_brand","embeddable":true,"href":"https:\/\/polishbeauty.me\/index.php?rest_route=%2Fwp%2Fv2%2Fproduct_brand&post=4121"},{"taxonomy":"product_cat","embeddable":true,"href":"https:\/\/polishbeauty.me\/index.php?rest_route=%2Fwp%2Fv2%2Fproduct_cat&post=4121"},{"taxonomy":"product_tag","embeddable":true,"href":"https:\/\/polishbeauty.me\/index.php?rest_route=%2Fwp%2Fv2%2Fproduct_tag&post=4121"}],"curies":[{"name":"wp","href":"https:\/\/api.w.org\/{rel}","templated":true}]}}