{"id":4127,"date":"2024-11-17T14:22:12","date_gmt":"2024-11-17T14:22:12","guid":{"rendered":"https:\/\/polishbeauty.me\/?post_type=product&#038;p=4127"},"modified":"2024-11-17T14:22:13","modified_gmt":"2024-11-17T14:22:13","slug":"k-premiere-fondant-fluidite-reparateur","status":"publish","type":"product","link":"https:\/\/polishbeauty.me\/?product=k-premiere-fondant-fluidite-reparateur","title":{"rendered":"K Premiere &#8211; Fondant Fluidit\u00e9 R\u00e9parateur"},"content":{"rendered":"<p>K Premiere &#8211; Fondant Fluidit\u00e9 R\u00e9parateur<\/p>\n<p>A repairing, decalcifying, softening conditioner for damaged hair. It removes the calcium overdose that attacks treated hair, and then repairs the damage in a dual-action effect, restoring softness, moisture, and strength.<\/p>\n<ul>\n<li>Brand : KERASTASE PARIS<\/li>\n<li>Size : 200 ML | 6.76 fl.oz.<\/li>\n<\/ul>\n","protected":false},"excerpt":{"rendered":"<p>K Premiere &#8211; Fondant Fluidit\u00e9 R\u00e9parateur<\/p>\n<p>A repairing, decalcifying, softening conditioner for damaged hair. It removes the calcium overdose that attacks treated hair, and then repairs the damage in a dual-action effect, restoring softness, moisture, and strength.<\/p>\n<ul>\n<li>Brand : KERASTASE PARIS<\/li>\n<li>Size : 200 ML | 6.76 fl.oz.<\/li>\n<\/ul>\n","protected":false},"featured_media":4128,"template":"","meta":{"_vp_format_video_url":"","_vp_image_focal_point":[]},"product_brand":[],"product_cat":[60],"product_tag":[],"class_list":{"0":"post-4127","1":"product","2":"type-product","3":"status-publish","4":"has-post-thumbnail","6":"product_cat-uncategorized","8":"first","9":"instock","10":"shipping-taxable","11":"purchasable","12":"product-type-simple"},"_links":{"self":[{"href":"https:\/\/polishbeauty.me\/index.php?rest_route=\/wp\/v2\/product\/4127","targetHints":{"allow":["GET"]}}],"collection":[{"href":"https:\/\/polishbeauty.me\/index.php?rest_route=\/wp\/v2\/product"}],"about":[{"href":"https:\/\/polishbeauty.me\/index.php?rest_route=\/wp\/v2\/types\/product"}],"wp:featuredmedia":[{"embeddable":true,"href":"https:\/\/polishbeauty.me\/index.php?rest_route=\/wp\/v2\/media\/4128"}],"wp:attachment":[{"href":"https:\/\/polishbeauty.me\/index.php?rest_route=%2Fwp%2Fv2%2Fmedia&parent=4127"}],"wp:term":[{"taxonomy":"product_brand","embeddable":true,"href":"https:\/\/polishbeauty.me\/index.php?rest_route=%2Fwp%2Fv2%2Fproduct_brand&post=4127"},{"taxonomy":"product_cat","embeddable":true,"href":"https:\/\/polishbeauty.me\/index.php?rest_route=%2Fwp%2Fv2%2Fproduct_cat&post=4127"},{"taxonomy":"product_tag","embeddable":true,"href":"https:\/\/polishbeauty.me\/index.php?rest_route=%2Fwp%2Fv2%2Fproduct_tag&post=4127"}],"curies":[{"name":"wp","href":"https:\/\/api.w.org\/{rel}","templated":true}]}}