{"id":4131,"date":"2024-11-18T09:13:36","date_gmt":"2024-11-18T09:13:36","guid":{"rendered":"https:\/\/polishbeauty.me\/?post_type=product&#038;p=4131"},"modified":"2024-11-18T09:13:36","modified_gmt":"2024-11-18T09:13:36","slug":"chronologiste-pre-cleanse-regenerant","status":"publish","type":"product","link":"https:\/\/polishbeauty.me\/?product=chronologiste-pre-cleanse-regenerant","title":{"rendered":"Chronologiste &#8211; Pre-Cleanse R\u00e9g\u00e9n\u00e9rant"},"content":{"rendered":"<p>Chronologiste &#8211; Pre-Cleanse R\u00e9g\u00e9n\u00e9rant<\/p>\n<p>Youth revitalizing shampoo infused with Hyaluronic Acid, Abyssine &amp; Vitamin E. Gently removes impurities from sclap &amp; fiber. Reveals more nourished &amp; moisturized hair with youthful voluptuosity.<\/p>\n<ul>\n<li>Brand : KERASTASE PARIS<\/li>\n<li>Size : 200 ML | 6.76 fl.oz.<\/li>\n<\/ul>\n","protected":false},"excerpt":{"rendered":"<p>Chronologiste &#8211; Pre-Cleanse R\u00e9g\u00e9n\u00e9rant<\/p>\n<p>Youth revitalizing shampoo infused with Hyaluronic Acid, Abyssine &amp; Vitamin E. Gently removes impurities from sclap &amp; fiber. Reveals more nourished &amp; moisturized hair with youthful voluptuosity.<\/p>\n<ul>\n<li>Brand : KERASTASE PARIS<\/li>\n<li>Size : 200 ML | 6.76 fl.oz.<\/li>\n<\/ul>\n","protected":false},"featured_media":4132,"template":"","meta":{"_vp_format_video_url":"","_vp_image_focal_point":[]},"product_brand":[],"product_cat":[60],"product_tag":[],"class_list":{"0":"post-4131","1":"product","2":"type-product","3":"status-publish","4":"has-post-thumbnail","6":"product_cat-uncategorized","8":"first","9":"instock","10":"shipping-taxable","11":"purchasable","12":"product-type-simple"},"_links":{"self":[{"href":"https:\/\/polishbeauty.me\/index.php?rest_route=\/wp\/v2\/product\/4131","targetHints":{"allow":["GET"]}}],"collection":[{"href":"https:\/\/polishbeauty.me\/index.php?rest_route=\/wp\/v2\/product"}],"about":[{"href":"https:\/\/polishbeauty.me\/index.php?rest_route=\/wp\/v2\/types\/product"}],"wp:featuredmedia":[{"embeddable":true,"href":"https:\/\/polishbeauty.me\/index.php?rest_route=\/wp\/v2\/media\/4132"}],"wp:attachment":[{"href":"https:\/\/polishbeauty.me\/index.php?rest_route=%2Fwp%2Fv2%2Fmedia&parent=4131"}],"wp:term":[{"taxonomy":"product_brand","embeddable":true,"href":"https:\/\/polishbeauty.me\/index.php?rest_route=%2Fwp%2Fv2%2Fproduct_brand&post=4131"},{"taxonomy":"product_cat","embeddable":true,"href":"https:\/\/polishbeauty.me\/index.php?rest_route=%2Fwp%2Fv2%2Fproduct_cat&post=4131"},{"taxonomy":"product_tag","embeddable":true,"href":"https:\/\/polishbeauty.me\/index.php?rest_route=%2Fwp%2Fv2%2Fproduct_tag&post=4131"}],"curies":[{"name":"wp","href":"https:\/\/api.w.org\/{rel}","templated":true}]}}