{"id":4135,"date":"2024-11-18T09:21:44","date_gmt":"2024-11-18T09:21:44","guid":{"rendered":"https:\/\/polishbeauty.me\/?post_type=product&#038;p=4135"},"modified":"2024-11-18T09:21:45","modified_gmt":"2024-11-18T09:21:45","slug":"chronologiste-bain-regenerant-shampoo","status":"publish","type":"product","link":"https:\/\/polishbeauty.me\/?product=chronologiste-bain-regenerant-shampoo","title":{"rendered":"Chronologiste &#8211; Bain R\u00e9g\u00e9n\u00e9rant Shampoo"},"content":{"rendered":"<p>Chronologiste &#8211; Bain R\u00e9g\u00e9n\u00e9rant Shampoo<\/p>\n<p>Powered by hyaluronic acid and abyssine, this luxurious anti-ageing shampoo gently removes impurities while rejuvenating your hair from root to tip.<\/p>\n<p>The K\u00e9rastase Chronologiste Bain R\u00e9g\u00e9n\u00e9rant also works to enhance strength and smoothness, boasting a unique combination of precious oils, including alma, maize, camelia and argon. Suitable for all hair types.<\/p>\n<ul>\n<li>Brand : KERASTASE PARIS<\/li>\n<li>Size : 250 ML | 8.5 fl.oz.<\/li>\n<\/ul>\n","protected":false},"excerpt":{"rendered":"<p>Chronologiste &#8211; Bain R\u00e9g\u00e9n\u00e9rant Shampoo<\/p>\n<p>Powered by hyaluronic acid and abyssine, this luxurious anti-ageing shampoo gently removes impurities while rejuvenating your hair from root to tip.<\/p>\n<p>The K\u00e9rastase Chronologiste Bain R\u00e9g\u00e9n\u00e9rant also works to enhance strength and smoothness, boasting a unique combination of precious oils, including alma, maize, camelia and argon. Suitable for all hair types.<\/p>\n<ul>\n<li>Brand : KERASTASE PARIS<\/li>\n<li>Size : 250 ML | 8.5 fl.oz.<\/li>\n<\/ul>\n","protected":false},"featured_media":4136,"template":"","meta":{"_vp_format_video_url":"","_vp_image_focal_point":[]},"product_brand":[],"product_cat":[60],"product_tag":[],"class_list":{"0":"post-4135","1":"product","2":"type-product","3":"status-publish","4":"has-post-thumbnail","6":"product_cat-uncategorized","8":"first","9":"instock","10":"shipping-taxable","11":"purchasable","12":"product-type-simple"},"_links":{"self":[{"href":"https:\/\/polishbeauty.me\/index.php?rest_route=\/wp\/v2\/product\/4135","targetHints":{"allow":["GET"]}}],"collection":[{"href":"https:\/\/polishbeauty.me\/index.php?rest_route=\/wp\/v2\/product"}],"about":[{"href":"https:\/\/polishbeauty.me\/index.php?rest_route=\/wp\/v2\/types\/product"}],"wp:featuredmedia":[{"embeddable":true,"href":"https:\/\/polishbeauty.me\/index.php?rest_route=\/wp\/v2\/media\/4136"}],"wp:attachment":[{"href":"https:\/\/polishbeauty.me\/index.php?rest_route=%2Fwp%2Fv2%2Fmedia&parent=4135"}],"wp:term":[{"taxonomy":"product_brand","embeddable":true,"href":"https:\/\/polishbeauty.me\/index.php?rest_route=%2Fwp%2Fv2%2Fproduct_brand&post=4135"},{"taxonomy":"product_cat","embeddable":true,"href":"https:\/\/polishbeauty.me\/index.php?rest_route=%2Fwp%2Fv2%2Fproduct_cat&post=4135"},{"taxonomy":"product_tag","embeddable":true,"href":"https:\/\/polishbeauty.me\/index.php?rest_route=%2Fwp%2Fv2%2Fproduct_tag&post=4135"}],"curies":[{"name":"wp","href":"https:\/\/api.w.org\/{rel}","templated":true}]}}